{"id":13355,"date":"2016-01-05T09:35:16","date_gmt":"2016-01-05T09:35:16","guid":{"rendered":"http:\/\/www.asperbio.com\/?page_id=13355"},"modified":"2016-06-15T15:18:24","modified_gmt":"2016-06-15T14:18:24","slug":"skeleti-dusplaasiaga-seotud-geenide-sekveneerimine","status":"publish","type":"page","link":"https:\/\/www.asperbio.com\/et\/asper-reprogenetics-testid-2\/skeleti-dusplaasia\/skeleti-dusplaasiaga-seotud-geenide-sekveneerimine\/","title":{"rendered":"Skeleti d\u00fcsplaasiaga seotud geenide sekveneerimine"},"content":{"rendered":"<h2 style=\"padding-left: 5px;\"><span style=\"color: #e63458;\">Skeleti d\u00fcsplaasiaga seotud geenide sekveneerimine<\/span><\/h2>\n<div class=\"sm_post_content\" style=\"background: url('https:\/\/www.asperbio.com\/wp-content\/uploads\/t-roosa.png') repeat-y; padding-left: 40px;\">\n<table style=\"width: 590px;\" border=\"0\" cellspacing=\"0\" cellpadding=\"0\">\n<tbody>\n<tr>\n<td width=\"130\"><strong>Geenid:<\/strong><\/td>\n<td width=\"460\"><em>ALPL, COL2A1, ESCO2, FGFR1, FGFR2, FGFR3, ROR2, SLC26A2, SOX9, TRIP11, WNT5A<\/em><\/td>\n<\/tr>\n<\/tbody>\n<\/table>\n<hr style=\"color: #e63458; background-color: #e63458; height: 2px; border: none; width: 100%;\" \/>\n<table style=\"width: 590px;\" border=\"0\" cellspacing=\"0\" cellpadding=\"0\">\n<tbody>\n<tr>\n<td width=\"130\"><strong>Metoodika:<\/strong><\/td>\n<td width=\"460\">Kodeeriva piirkonna sekveneerimine (NGS)<\/td>\n<\/tr>\n<\/tbody>\n<\/table>\n<hr style=\"color: #e63458; background-color: #e63458; height: 2px; border: none; width: 100%;\" \/>\n<table style=\"width: 590px;\" border=\"0\" cellspacing=\"0\" cellpadding=\"0\">\n<tbody>\n<tr>\n<td width=\"130\"><strong>Testi valmimisaeg:<\/strong><\/td>\n<td width=\"460\">6-9 n\u00e4dalat<\/td>\n<\/tr>\n<\/tbody>\n<\/table>\n<hr style=\"color: #e63458; background-color: #e63458; height: 2px; border: none; width: 100%;\" \/>\n<table style=\"width: 590px;\" border=\"0\" cellspacing=\"0\" cellpadding=\"0\">\n<tbody>\n<tr>\n<td width=\"130\"><strong>N\u00f5uded proovimaterjalile:<\/strong><\/td>\n<td width=\"460\"><strong>2-4 ml t\u00e4isverd antikoagulandiga EDTA (lilla korgiga katsuti)<\/strong><br \/>\nVereproov saata toatemperatuuril. Proovi v\u00f5ib s\u00e4ilitada k\u00fclmkapis 2-8\u00b0C juures, kuid mitte kauem kui n\u00e4dal. Vereproovi mitte k\u00fclmutada.<strong>1 \u00b5g <\/strong><strong>DNA-d elueerituna TE, AE puhvris v\u00f5i steriilses vees, kontsentratsiooniga 100-250 ng\/\u00b5l<\/strong><br \/>\nDNA saata toatemperatuuril v\u00f5i k\u00fclmutatuna. Kontaminatsiooni ja lekete v\u00e4ltimiseks kasutada 0,5-2,0 ml keeratava korgiga v\u00f5i turvasulguriga katsuteid, v\u00f5i katta katsuti kork parafilmiga. A260\/A280 suhe peaks olema 1.8-2.0. DNA peab agaroosgeelis olema detekteeritav \u00fche tervikliku b\u00e4ndina.<\/td>\n<\/tr>\n<\/tbody>\n<\/table>\n<hr style=\"color: #e63458; background-color: #e63458; height: 2px; border: none; width: 100%;\" \/>\n<table style=\"width: 590px;\" border=\"0\" cellspacing=\"0\" cellpadding=\"0\">\n<tbody>\n<tr>\n<td width=\"130\"><strong>Tellimine:<\/strong><\/td>\n<td width=\"460\">Proovimaterjal saata koos <a href=\"https:\/\/www.asperbio.com\/wp-content\/uploads\/Asper-Reprogenetics-saatekiri.doc\"><span style=\"color: #e63458;\"><strong>saatekirjaga<\/strong><\/span><\/a> Asper Biotechi laborisse (t\u00f6\u00f6p\u00e4eviti kell 9-16) aadressile:<\/p>\n<p><strong>Asper Biotech<\/strong><br \/>\nVaksali 17a (III korrus)<br \/>\nTartu 50410<br \/>\ntelefon 7307 295<\/td>\n<\/tr>\n<\/tbody>\n<\/table>\n<hr style=\"color: #e63458; background-color: #e63458; height: 2px; border: none; width: 100%;\" \/>\n<\/div>","protected":false},"excerpt":{"rendered":"<p>Skeleti d\u00fcsplaasiaga seotud geenide sekveneerimine Geenid: ALPL, COL2A1, ESCO2, FGFR1, FGFR2, FGFR3, ROR2, SLC26A2, SOX9, TRIP11, WNT5A Metoodika: Kodeeriva piirkonna sekveneerimine (NGS) Testi valmimisaeg: 6-9 n\u00e4dalat N\u00f5uded proovimaterjalile: 2-4 ml t\u00e4isverd antikoagulandiga EDTA (lilla korgiga katsuti) Vereproov saata toatemperatuuril. Proovi v\u00f5ib s\u00e4ilitada k\u00fclmkapis 2-8\u00b0C juures, kuid mitte kauem kui n\u00e4dal. Vereproovi mitte k\u00fclmutada.1 \u00b5g DNA-d [&hellip;]<\/p>\n","protected":false},"author":2,"featured_media":0,"parent":13342,"menu_order":0,"comment_status":"closed","ping_status":"closed","template":"","meta":{"_monsterinsights_skip_tracking":false,"_monsterinsights_sitenote_active":false,"_monsterinsights_sitenote_note":"","_monsterinsights_sitenote_category":0,"footnotes":""},"class_list":["post-13355","page","type-page","status-publish","hentry"],"aioseo_notices":[],"_links":{"self":[{"href":"https:\/\/www.asperbio.com\/et\/wp-json\/wp\/v2\/pages\/13355","targetHints":{"allow":["GET"]}}],"collection":[{"href":"https:\/\/www.asperbio.com\/et\/wp-json\/wp\/v2\/pages"}],"about":[{"href":"https:\/\/www.asperbio.com\/et\/wp-json\/wp\/v2\/types\/page"}],"author":[{"embeddable":true,"href":"https:\/\/www.asperbio.com\/et\/wp-json\/wp\/v2\/users\/2"}],"replies":[{"embeddable":true,"href":"https:\/\/www.asperbio.com\/et\/wp-json\/wp\/v2\/comments?post=13355"}],"version-history":[{"count":3,"href":"https:\/\/www.asperbio.com\/et\/wp-json\/wp\/v2\/pages\/13355\/revisions"}],"predecessor-version":[{"id":17474,"href":"https:\/\/www.asperbio.com\/et\/wp-json\/wp\/v2\/pages\/13355\/revisions\/17474"}],"up":[{"embeddable":true,"href":"https:\/\/www.asperbio.com\/et\/wp-json\/wp\/v2\/pages\/13342"}],"wp:attachment":[{"href":"https:\/\/www.asperbio.com\/et\/wp-json\/wp\/v2\/media?parent=13355"}],"curies":[{"name":"wp","href":"https:\/\/api.w.org\/{rel}","templated":true}]}}