{"id":13342,"date":"2016-01-04T14:51:35","date_gmt":"2016-01-04T14:51:35","guid":{"rendered":"http:\/\/www.asperbio.com\/?page_id=13342"},"modified":"2016-12-30T08:59:23","modified_gmt":"2016-12-30T08:59:23","slug":"skeleti-dusplaasia","status":"publish","type":"page","link":"https:\/\/www.asperbio.com\/et\/asper-reprogenetics-testid-2\/skeleti-dusplaasia\/","title":{"rendered":"Skeleti d\u00fcsplaasia"},"content":{"rendered":"<h2 style=\"padding-left: 5px;\"><span style=\"color: #e63458;\">Skeleti d\u00fcsplaasiad<\/span><\/h2>\n<div class=\"sm_post_content\" style=\"background: url('https:\/\/www.asperbio.com\/wp-content\/uploads\/t-roosa.png') repeat-y; padding-left: 40px;\">\n<p><strong>Skeleti d\u00fcsplaasiate<\/strong> p\u00f5hjuseks on mutatsioonid mitmetes geenides, mis p\u00f5hjustavad erinevaid p\u00e4rilikke haigusi ja s\u00fcndroome. Sagedasemad s\u00fcndroomid, mida seostatakse skeleti anomaaliatega, on akondroplaasia, h\u00fcpokondroplaasia, kranios\u00fcnostoos.<\/p>\n<p>Testi abil saab m\u00e4\u00e4rata 25 erinevat s\u00fcndroomi nagu h\u00fcpokondroplaasia, tanatofoorne d\u00fcsplaasia (t\u00fc\u00fcp I ja II), akondroplaasia, kranios\u00fcnostoos\/Muenke s\u00fcndroom, Crouzoni s\u00fcndroom naha tumenemisega, Pfeifferi s\u00fcndroom, Jackson-Weissi s\u00fcndroom, Beare-Stevensoni s\u00fcndroom, Aperti s\u00fcndroom, Saethre-Chotzeni s\u00fcndroom jne.<\/p>\n<p>&nbsp;<\/p>\n<p><strong>N\u00e4idustused geenitesti tegemiseks:<\/strong><\/p>\n<ol>\n<li>Kliinilise diagnoosi kinnitamine<\/li>\n<li>Kandluse m\u00e4\u00e4ramine<\/li>\n<li>Haiguse prognoosi m\u00e4\u00e4ramine<\/li>\n<li>Geneetiline n\u00f5ustamine<\/li>\n<li>S\u00fcnnieelne diagnostika<\/li>\n<\/ol>\n<p>Geneetilise testimise n\u00e4idustuseks on ka loote NT suurenemine esimesel trimestril ja\/v\u00f5i skeleti anomaaliate esinemine esimesel v\u00f5i teisel trimestril ja\/v\u00f5i s\u00fcnnij\u00e4rgselt.<\/p>\n<p>&nbsp;<\/p>\n<hr style=\"color: #e63458; background-color: #e63458; height: 2px; border: none; width: 100%;\" \/>\n<h3><a style=\"color: #e63458;\" title=\"Skeleti d\u00fcsplaasiaga seotud geenide sekveneerimise tellimisinfo\" href=\"https:\/\/www.asperbio.com\/et\/asper-reprogenetics-testid-2\/skeleti-dusplaasia\/skeleti-dusplaasiaga-seotud-geenide-sekveneerimine\">&gt; Haigusseoseliste geenide sekveneerimise tellimisinfo<\/a><\/h3>\n<hr style=\"color: #e63458; background-color: #e63458; height: 2px; border: none; width: 100%;\" \/>\n<\/div>","protected":false},"excerpt":{"rendered":"<p>Skeleti d\u00fcsplaasiad Skeleti d\u00fcsplaasiate p\u00f5hjuseks on mutatsioonid mitmetes geenides, mis p\u00f5hjustavad erinevaid p\u00e4rilikke haigusi ja s\u00fcndroome. Sagedasemad s\u00fcndroomid, mida seostatakse skeleti anomaaliatega, on akondroplaasia, h\u00fcpokondroplaasia, kranios\u00fcnostoos. Testi abil saab m\u00e4\u00e4rata 25 erinevat s\u00fcndroomi nagu h\u00fcpokondroplaasia, tanatofoorne d\u00fcsplaasia (t\u00fc\u00fcp I ja II), akondroplaasia, kranios\u00fcnostoos\/Muenke s\u00fcndroom, Crouzoni s\u00fcndroom naha tumenemisega, Pfeifferi s\u00fcndroom, Jackson-Weissi s\u00fcndroom, Beare-Stevensoni s\u00fcndroom, Aperti [&hellip;]<\/p>\n","protected":false},"author":2,"featured_media":0,"parent":11436,"menu_order":0,"comment_status":"closed","ping_status":"closed","template":"","meta":{"_monsterinsights_skip_tracking":false,"_monsterinsights_sitenote_active":false,"_monsterinsights_sitenote_note":"","_monsterinsights_sitenote_category":0,"footnotes":""},"class_list":["post-13342","page","type-page","status-publish","hentry"],"aioseo_notices":[],"_links":{"self":[{"href":"https:\/\/www.asperbio.com\/et\/wp-json\/wp\/v2\/pages\/13342","targetHints":{"allow":["GET"]}}],"collection":[{"href":"https:\/\/www.asperbio.com\/et\/wp-json\/wp\/v2\/pages"}],"about":[{"href":"https:\/\/www.asperbio.com\/et\/wp-json\/wp\/v2\/types\/page"}],"author":[{"embeddable":true,"href":"https:\/\/www.asperbio.com\/et\/wp-json\/wp\/v2\/users\/2"}],"replies":[{"embeddable":true,"href":"https:\/\/www.asperbio.com\/et\/wp-json\/wp\/v2\/comments?post=13342"}],"version-history":[{"count":3,"href":"https:\/\/www.asperbio.com\/et\/wp-json\/wp\/v2\/pages\/13342\/revisions"}],"predecessor-version":[{"id":18222,"href":"https:\/\/www.asperbio.com\/et\/wp-json\/wp\/v2\/pages\/13342\/revisions\/18222"}],"up":[{"embeddable":true,"href":"https:\/\/www.asperbio.com\/et\/wp-json\/wp\/v2\/pages\/11436"}],"wp:attachment":[{"href":"https:\/\/www.asperbio.com\/et\/wp-json\/wp\/v2\/media?parent=13342"}],"curies":[{"name":"wp","href":"https:\/\/api.w.org\/{rel}","templated":true}]}}