{"id":12685,"date":"2015-12-11T13:30:59","date_gmt":"2015-12-11T13:30:59","guid":{"rendered":"http:\/\/www.asperbio.com\/?page_id=12685"},"modified":"2016-06-15T14:34:50","modified_gmt":"2016-06-15T13:34:50","slug":"beeta-talasseemiaga-seotud-hbb-geeni-sekveneerimine","status":"publish","type":"page","link":"https:\/\/www.asperbio.com\/et\/asper-reprogenetics-testid-2\/12671-2\/beeta-talasseemiaga-seotud-hbb-geeni-sekveneerimine\/","title":{"rendered":"Beeta talasseemiaga seotud HBB geeni sekveneerimine"},"content":{"rendered":"<h2 style=\"padding-left: 5px;\"><span style=\"color: #e63458;\">Beeta talasseemiaga seotud <em>HBB<\/em> geeni sekveneerimine<\/span><\/h2>\n<div class=\"sm_post_content\" style=\"background: url('https:\/\/www.asperbio.com\/wp-content\/uploads\/t-roosa.png') repeat-y; padding-left: 40px;\">\n<table style=\"width: 590px;\" border=\"0\" cellspacing=\"0\" cellpadding=\"0\">\n<tbody>\n<tr>\n<td width=\"130\"><strong>Geenid:<\/strong><\/td>\n<td width=\"460\"><em>HBB<\/em><\/td>\n<\/tr>\n<\/tbody>\n<\/table>\n<hr style=\"color: #e63458; background-color: #e63458; height: 2px; border: none; width: 100%;\" \/>\n<table style=\"width: 590px;\" border=\"0\" cellspacing=\"0\" cellpadding=\"0\">\n<tbody>\n<tr>\n<td width=\"130\"><strong>Metoodika:<\/strong><\/td>\n<td width=\"460\">Kodeeriva piirkonna sekveneerimine (Sanger)<\/td>\n<\/tr>\n<\/tbody>\n<\/table>\n<hr style=\"color: #e63458; background-color: #e63458; height: 2px; border: none; width: 100%;\" \/>\n<table style=\"width: 590px;\" border=\"0\" cellspacing=\"0\" cellpadding=\"0\">\n<tbody>\n<tr>\n<td width=\"130\"><strong>Testi valmimisaeg:<\/strong><\/td>\n<td width=\"460\">2-4 n\u00e4dalat<\/td>\n<\/tr>\n<\/tbody>\n<\/table>\n<hr style=\"color: #e63458; background-color: #e63458; height: 2px; border: none; width: 100%;\" \/>\n<table style=\"width: 590px;\" border=\"0\" cellspacing=\"0\" cellpadding=\"0\">\n<tbody>\n<tr>\n<td width=\"130\"><strong>N\u00f5uded proovimaterjalile:<\/strong><\/td>\n<td width=\"460\"><strong>2-4 ml t\u00e4isverd antikoagulandiga EDTA (lilla korgiga katsuti)<\/strong><br \/>\nVereproov saata toatemperatuuril. Proovi v\u00f5ib s\u00e4ilitada k\u00fclmkapis 2-8\u00b0C juures, kuid mitte kauem kui n\u00e4dal. Vereproovi mitte k\u00fclmutada.<strong>\u00a0<\/strong><\/p>\n<p><strong>300 ng <\/strong><strong>DNA-d elueerituna TE, AE puhvris v\u00f5i steriilses vees, kontsentratsiooniga 100-250 ng\/\u00b5l<\/strong><br \/>\nDNA saata toatemperatuuril v\u00f5i k\u00fclmutatuna. Kontaminatsiooni ja lekete v\u00e4ltimiseks kasutada 0,5-2,0 ml keeratava korgiga v\u00f5i turvasulguriga katsuteid, v\u00f5i katta katsuti kork parafilmiga. A260\/A280 suhe peaks olema 1.8-2.0. DNA peab agaroosgeelis olema detekteeritav \u00fche tervikliku b\u00e4ndina.<\/td>\n<\/tr>\n<\/tbody>\n<\/table>\n<hr style=\"color: #e63458; background-color: #e63458; height: 2px; border: none; width: 100%;\" \/>\n<table style=\"width: 590px;\" border=\"0\" cellspacing=\"0\" cellpadding=\"0\">\n<tbody>\n<tr>\n<td width=\"130\"><strong>Tellimine:<\/strong><\/td>\n<td width=\"460\">Proovimaterjal saata koos <a href=\"https:\/\/www.asperbio.com\/wp-content\/uploads\/Asper-Reprogenetics-saatekiri.doc\"><span style=\"color: #e63458;\"><strong>saatekirjaga<\/strong><\/span><\/a> Asper Biotechi laborisse (t\u00f6\u00f6p\u00e4eviti kell 9-16) aadressile:<\/p>\n<p><strong>Asper Biotech<\/strong><br \/>\nVaksali 17a (III korrus)<br \/>\nTartu 50410<br \/>\ntelefon 7307 295<\/td>\n<\/tr>\n<\/tbody>\n<\/table>\n<hr style=\"color: #e63458; background-color: #e63458; height: 2px; border: none; width: 100%;\" \/>\n<\/div>","protected":false},"excerpt":{"rendered":"<p>Beeta talasseemiaga seotud HBB geeni sekveneerimine Geenid: HBB Metoodika: Kodeeriva piirkonna sekveneerimine (Sanger) Testi valmimisaeg: 2-4 n\u00e4dalat N\u00f5uded proovimaterjalile: 2-4 ml t\u00e4isverd antikoagulandiga EDTA (lilla korgiga katsuti) Vereproov saata toatemperatuuril. Proovi v\u00f5ib s\u00e4ilitada k\u00fclmkapis 2-8\u00b0C juures, kuid mitte kauem kui n\u00e4dal. Vereproovi mitte k\u00fclmutada.\u00a0 300 ng DNA-d elueerituna TE, AE puhvris v\u00f5i steriilses vees, kontsentratsiooniga [&hellip;]<\/p>\n","protected":false},"author":2,"featured_media":0,"parent":12671,"menu_order":0,"comment_status":"closed","ping_status":"closed","template":"","meta":{"_monsterinsights_skip_tracking":false,"_monsterinsights_sitenote_active":false,"_monsterinsights_sitenote_note":"","_monsterinsights_sitenote_category":0,"footnotes":""},"class_list":["post-12685","page","type-page","status-publish","hentry"],"aioseo_notices":[],"_links":{"self":[{"href":"https:\/\/www.asperbio.com\/et\/wp-json\/wp\/v2\/pages\/12685","targetHints":{"allow":["GET"]}}],"collection":[{"href":"https:\/\/www.asperbio.com\/et\/wp-json\/wp\/v2\/pages"}],"about":[{"href":"https:\/\/www.asperbio.com\/et\/wp-json\/wp\/v2\/types\/page"}],"author":[{"embeddable":true,"href":"https:\/\/www.asperbio.com\/et\/wp-json\/wp\/v2\/users\/2"}],"replies":[{"embeddable":true,"href":"https:\/\/www.asperbio.com\/et\/wp-json\/wp\/v2\/comments?post=12685"}],"version-history":[{"count":2,"href":"https:\/\/www.asperbio.com\/et\/wp-json\/wp\/v2\/pages\/12685\/revisions"}],"predecessor-version":[{"id":17439,"href":"https:\/\/www.asperbio.com\/et\/wp-json\/wp\/v2\/pages\/12685\/revisions\/17439"}],"up":[{"embeddable":true,"href":"https:\/\/www.asperbio.com\/et\/wp-json\/wp\/v2\/pages\/12671"}],"wp:attachment":[{"href":"https:\/\/www.asperbio.com\/et\/wp-json\/wp\/v2\/media?parent=12685"}],"curies":[{"name":"wp","href":"https:\/\/api.w.org\/{rel}","templated":true}]}}