{"id":12671,"date":"2015-12-11T13:11:16","date_gmt":"2015-12-11T13:11:16","guid":{"rendered":"http:\/\/www.asperbio.com\/?page_id=12671"},"modified":"2016-09-22T13:56:47","modified_gmt":"2016-09-22T12:56:47","slug":"12671-2","status":"publish","type":"page","link":"https:\/\/www.asperbio.com\/et\/asper-reprogenetics-testid-2\/12671-2\/","title":{"rendered":"Beeta talasseemia"},"content":{"rendered":"<h2 style=\"padding-left: 5px;\"><span style=\"color: #e63458;\">Beeta talasseemia<\/span><\/h2>\n<div class=\"sm_post_content\" style=\"background: url('https:\/\/www.asperbio.com\/wp-content\/uploads\/t-roosa.png') repeat-y; padding-left: 40px;\">\n<p><strong>Beeta talasseemia<\/strong> on autosoom-retsessiivselt p\u00e4randuv haigus, mille p\u00f5hjuseks on \u03b2 globiini ahela v\u00e4henenud s\u00fcntees v\u00f5i s\u00fcnteesi puudumine. Selle tulemuseks on hemoglobiin A s\u00fcnteesi v\u00e4henemine, mikrots\u00fctaarne h\u00fcpokroomne aneemia ja er\u00fctrots\u00fctoos.<\/p>\n<p>Kliinilise pildi alusel v\u00f5ib eristada beeta talasseemia rasket, keskmist ja kerget vormi. Raske talasseemia avaldub juba esimestel elukuudel, iseloomulik on puudulik er\u00fctropoees ja ekstramedullaarne hematopoees, vajalik on vere\u00fclekanne. Keskmise raskusastmega talasseemia s\u00fcmptomid avalduvad hiljem ja kergemal m\u00e4\u00e4ral. Talasseemia kerge vormi korral esineb tagasihoidlik mikrots\u00fctaarne aneemia ja er\u00fctrots\u00fctoos.<\/p>\n<p>Asper Biotechis teostatava geenitesti abil saab m\u00e4\u00e4rata beeta talasseemiaga seotud geneetilisi muutusi <em>HBB<\/em> geeni sekveneerimise teel. Test sobib diagnoosi kinnitamiseks ja annab v\u00e4\u00e4rtuslikku informatsiooni geneetiliseks konsultatsiooniks.<\/p>\n<p>&nbsp;<\/p>\n<p><strong>N\u00e4idustused geenitesti tegemiseks:<\/strong><\/p>\n<ol>\n<li>Kliinilise diagnoosi kinnitamine<\/li>\n<li>Kandluse m\u00e4\u00e4ramine<\/li>\n<li>Geneetiline n\u00f5ustamine<\/li>\n<\/ol>\n<p>&nbsp;<\/p>\n<hr style=\"color: #e63458; background-color: #e63458; height: 2px; border: none; width: 100%;\" \/>\n<h3><span style=\"color: #e63458;\"><a style=\"color: #e63458;\" title=\"Beeta talasseemia - sekveneerimise tellimisinfo\" href=\"https:\/\/www.asperbio.com\/et\/asper-reprogenetics-testid-2\/beeta-talasseemiaga-seotud-hbb-geeni-sekveneerimine\">&gt;\u00a0<em>HBB<\/em> geeni sekveneerimise tellimisinfo<\/a><\/span><\/h3>\n<hr style=\"color: #e63458; background-color: #e63458; height: 2px; border: none; width: 100%;\" \/>\n<\/div>","protected":false},"excerpt":{"rendered":"<p>Beeta talasseemia Beeta talasseemia on autosoom-retsessiivselt p\u00e4randuv haigus, mille p\u00f5hjuseks on \u03b2 globiini ahela v\u00e4henenud s\u00fcntees v\u00f5i s\u00fcnteesi puudumine. Selle tulemuseks on hemoglobiin A s\u00fcnteesi v\u00e4henemine, mikrots\u00fctaarne h\u00fcpokroomne aneemia ja er\u00fctrots\u00fctoos. Kliinilise pildi alusel v\u00f5ib eristada beeta talasseemia rasket, keskmist ja kerget vormi. Raske talasseemia avaldub juba esimestel elukuudel, iseloomulik on puudulik er\u00fctropoees ja ekstramedullaarne [&hellip;]<\/p>\n","protected":false},"author":2,"featured_media":0,"parent":11436,"menu_order":0,"comment_status":"closed","ping_status":"closed","template":"","meta":{"_monsterinsights_skip_tracking":false,"_monsterinsights_sitenote_active":false,"_monsterinsights_sitenote_note":"","_monsterinsights_sitenote_category":0,"footnotes":""},"class_list":["post-12671","page","type-page","status-publish","hentry"],"aioseo_notices":[],"_links":{"self":[{"href":"https:\/\/www.asperbio.com\/et\/wp-json\/wp\/v2\/pages\/12671","targetHints":{"allow":["GET"]}}],"collection":[{"href":"https:\/\/www.asperbio.com\/et\/wp-json\/wp\/v2\/pages"}],"about":[{"href":"https:\/\/www.asperbio.com\/et\/wp-json\/wp\/v2\/types\/page"}],"author":[{"embeddable":true,"href":"https:\/\/www.asperbio.com\/et\/wp-json\/wp\/v2\/users\/2"}],"replies":[{"embeddable":true,"href":"https:\/\/www.asperbio.com\/et\/wp-json\/wp\/v2\/comments?post=12671"}],"version-history":[{"count":2,"href":"https:\/\/www.asperbio.com\/et\/wp-json\/wp\/v2\/pages\/12671\/revisions"}],"predecessor-version":[{"id":17661,"href":"https:\/\/www.asperbio.com\/et\/wp-json\/wp\/v2\/pages\/12671\/revisions\/17661"}],"up":[{"embeddable":true,"href":"https:\/\/www.asperbio.com\/et\/wp-json\/wp\/v2\/pages\/11436"}],"wp:attachment":[{"href":"https:\/\/www.asperbio.com\/et\/wp-json\/wp\/v2\/media?parent=12671"}],"curies":[{"name":"wp","href":"https:\/\/api.w.org\/{rel}","templated":true}]}}