{"id":12116,"date":"2015-11-12T13:47:32","date_gmt":"2015-11-12T13:47:32","guid":{"rendered":"http:\/\/www.asperbio.com\/?page_id=12116"},"modified":"2021-06-08T11:00:35","modified_gmt":"2021-06-08T08:00:35","slug":"mutyh-seoseline-polupoos","status":"publish","type":"page","link":"https:\/\/www.asperbio.com\/et\/asper-oncogenetics-testid\/mutyh-seoseline-polupoos\/","title":{"rendered":"MUTYH-seoseline pol\u00fcpoos"},"content":{"rendered":"<h2 style=\"padding-left: 5px;\"><span style=\"color: #97c46d;\"><em>MUTYH<\/em>-seoselise pol\u00fcpoosiga seotud\u00a0<em>MUTYH<\/em> geeni sekveneerimine<\/span><\/h2>\n<div class=\"sm_post_content\" style=\"background: url('https:\/\/www.asperbio.com\/wp-content\/uploads\/t-roheline.png') repeat-y; padding-left: 40px;\">\n<table class=\"table no-border no-margin\" border=\"0\" cellspacing=\"0\" cellpadding=\"0\">\n<tbody>\n<tr>\n<td width=\"110\"><strong>Geenid:<\/strong><\/td>\n<td><em>MUTYH<\/em><\/td>\n<\/tr>\n<\/tbody>\n<\/table>\n<hr style=\"color: #97c46d; background-color: #97c46d; height: 2px; border: none; width: 100%;\" \/>\n<table class=\"table no-border no-margin\" border=\"0\" cellspacing=\"0\" cellpadding=\"0\">\n<tbody>\n<tr>\n<td width=\"110\"><strong>Metoodika:<\/strong><\/td>\n<td>Kodeeriva piirkonna sekveneerimine (Sanger)<\/td>\n<\/tr>\n<\/tbody>\n<\/table>\n<hr style=\"color: #97c46d; background-color: #97c46d; height: 2px; border: none; width: 100%;\" \/>\n<table class=\"table no-border no-margin\" border=\"0\" cellspacing=\"0\" cellpadding=\"0\">\n<tbody>\n<tr>\n<td width=\"110\"><strong>Testi valmimisaeg:<\/strong><\/td>\n<td>2-4 n\u00e4dalat<\/td>\n<\/tr>\n<\/tbody>\n<\/table>\n<hr style=\"color: #97c46d; background-color: #97c46d; height: 2px; border: none; width: 100%;\" \/>\n<table class=\"table no-border no-margin\" border=\"0\" cellspacing=\"0\" cellpadding=\"0\">\n<tbody>\n<tr>\n<td width=\"110\"><strong>N\u00f5uded proovi-materjalile:<\/strong><\/td>\n<td>2-4 ml t\u00e4isverd antikoagulandiga EDTA (lilla korgiga katsuti)<\/p>\n<p>1 \u00b5g DNA-d elueerituna TE, AE puhvris v\u00f5i steriilses vees, kontsentratsiooniga 100-250 ng\/\u00b5l<br \/>\nDNA saata toatemperatuuril v\u00f5i k\u00fclmutatuna. A260\/A280 suhe peaks olema 1.8-2.0. DNA peab agaroosgeelis pikkusmarkeri juuresolekul olema detekteeritav \u00fche tervikliku b\u00e4ndina.<\/td>\n<\/tr>\n<\/tbody>\n<\/table>\n<hr style=\"color: #97c46d; background-color: #97c46d; height: 2px; border: none; width: 100%;\" \/>\n<table class=\"table no-border no-margin\" border=\"0\" cellspacing=\"0\" cellpadding=\"0\">\n<tbody>\n<tr>\n<td width=\"110\"><strong>Tellimine:<\/strong><\/td>\n<td>Proovimaterjal saata koos <span style=\"color: #97c46d;\"><strong>saatekirjaga<\/strong><\/span> Asper Biogene laborisse<\/td>\n<\/tr>\n<\/tbody>\n<\/table>\n<hr style=\"color: #97c46d; background-color: #97c46d; height: 2px; border: none; width: 100%;\" \/>\n<\/div>\n<h2 style=\"padding-left: 5px;\"><span style=\"color: #97c46d;\"><em>MUTYH<\/em> geeni mutatsioonanal\u00fc\u00fcs<\/span><\/h2>\n<div class=\"sm_post_content\" style=\"background: url('https:\/\/www.asperbio.com\/wp-content\/uploads\/t-roheline.png') repeat-y; padding-left: 40px;\">\n<table class=\"table no-border no-margin\" border=\"0\" cellspacing=\"0\" cellpadding=\"0\">\n<tbody>\n<tr>\n<td width=\"110\"><strong>Geenid:<\/strong><\/td>\n<td><em>MUTYH<\/em> geenist\u00a0p.Y179C ja p.G396D mutatsioonid<\/td>\n<\/tr>\n<\/tbody>\n<\/table>\n<hr style=\"color: #97c46d; background-color: #97c46d; height: 2px; border: none; width: 100%;\" \/>\n<table class=\"table no-border no-margin\" border=\"0\" cellspacing=\"0\" cellpadding=\"0\">\n<tbody>\n<tr>\n<td width=\"110\"><strong>Metoodika:<\/strong><\/td>\n<td>Restriktsioonianal\u00fc\u00fcs (RFLP)<\/td>\n<\/tr>\n<\/tbody>\n<\/table>\n<hr style=\"color: #97c46d; background-color: #97c46d; height: 2px; border: none; width: 100%;\" \/>\n<table class=\"table no-border no-margin\" border=\"0\" cellspacing=\"0\" cellpadding=\"0\">\n<tbody>\n<tr>\n<td width=\"110\"><strong>Testi valmimisaeg:<\/strong><\/td>\n<td>2-4 n\u00e4dalat<\/td>\n<\/tr>\n<\/tbody>\n<\/table>\n<hr style=\"color: #97c46d; background-color: #97c46d; height: 2px; border: none; width: 100%;\" \/>\n<table class=\"table no-border no-margin\" border=\"0\" cellspacing=\"0\" cellpadding=\"0\">\n<tbody>\n<tr>\n<td width=\"110\"><strong>N\u00f5uded proovi-materjalile:<\/strong><\/td>\n<td>2-4 ml t\u00e4isverd antikoagulandiga EDTA (lilla korgiga katsuti)<\/p>\n<p>200 ng DNA-d elueerituna TE, AE puhvris v\u00f5i steriilses vees, kontsentratsiooniga 100-250 ng\/\u00b5l<br \/>\nDNA saata toatemperatuuril v\u00f5i k\u00fclmutatuna. A260\/A280 suhe peaks olema 1.8-2.0. DNA peab agaroosgeelis pikkusmarkeri juuresolekul olema detekteeritav \u00fche tervikliku b\u00e4ndina.<\/td>\n<\/tr>\n<\/tbody>\n<\/table>\n<hr style=\"color: #97c46d; background-color: #97c46d; height: 2px; border: none; width: 100%;\" \/>\n<table class=\"table no-border no-margin\" border=\"0\" cellspacing=\"0\" cellpadding=\"0\">\n<tbody>\n<tr>\n<td width=\"110\"><strong>Tellimine:<\/strong><\/td>\n<td>Proovimaterjal saata koos <a href=\"https:\/\/www.asperbio.com\/wp-content\/uploads\/Asper-Oncogenetics-saatekiri.doc\"><span style=\"color: #97c46d;\"><strong>saatekirjaga<\/strong><\/span><\/a> Asper Biogene laborisse<\/td>\n<\/tr>\n<\/tbody>\n<\/table>\n<hr style=\"color: #97c46d; background-color: #97c46d; height: 2px; border: none; width: 100%;\" \/>\n<\/div>\n<h2 style=\"padding-left: 5px;\"><span style=\"color: #97c46d;\">Deletsioonide\/duplikatsioonide anal\u00fc\u00fcs<\/span><\/h2>\n<div class=\"sm_post_content\" style=\"background: url('https:\/\/www.asperbio.com\/wp-content\/uploads\/t-roheline.png') repeat-y; padding-left: 40px;\">\n<table class=\"table no-border no-margin\" border=\"0\" cellspacing=\"0\" cellpadding=\"0\">\n<tbody>\n<tr>\n<td width=\"110\"><strong>Geenid:<\/strong><\/td>\n<td><em>GREM1, MUTYH, SCG5<\/em><\/td>\n<\/tr>\n<\/tbody>\n<\/table>\n<hr style=\"color: #97c46d; background-color: #97c46d; height: 2px; border: none; width: 100%;\" \/>\n<table class=\"table no-border no-margin\" border=\"0\" cellspacing=\"0\" cellpadding=\"0\">\n<tbody>\n<tr>\n<td width=\"110\"><strong>Metoodika:<\/strong><\/td>\n<td>MLPA<\/td>\n<\/tr>\n<\/tbody>\n<\/table>\n<hr style=\"color: #97c46d; background-color: #97c46d; height: 2px; border: none; width: 100%;\" \/>\n<table class=\"table no-border no-margin\" border=\"0\" cellspacing=\"0\" cellpadding=\"0\">\n<tbody>\n<tr>\n<td width=\"110\"><strong>Testi valmimisaeg:<\/strong><\/td>\n<td>4-6 n\u00e4dalat<\/td>\n<\/tr>\n<\/tbody>\n<\/table>\n<hr style=\"color: #97c46d; background-color: #97c46d; height: 2px; border: none; width: 100%;\" \/>\n<table class=\"table no-border no-margin\" border=\"0\" cellspacing=\"0\" cellpadding=\"0\">\n<tbody>\n<tr>\n<td width=\"110\"><strong>N\u00f5uded proovi-materjalile:<\/strong><\/td>\n<td>2-4 ml t\u00e4isverd antikoagulandiga EDTA (lilla korgiga katsuti)<\/p>\n<p>1 \u00b5g DNA-d elueerituna TE, AE puhvris v\u00f5i steriilses vees, kontsentratsiooniga 100-250 ng\/\u00b5l<br \/>\nDNA saata toatemperatuuril v\u00f5i k\u00fclmutatuna. A260\/A280 suhe peaks olema 1.8-2.0. DNA peab agaroosgeelis pikkusmarkeri juuresolekul olema detekteeritav \u00fche tervikliku b\u00e4ndina.<\/td>\n<\/tr>\n<\/tbody>\n<\/table>\n<hr style=\"color: #97c46d; background-color: #97c46d; height: 2px; border: none; width: 100%;\" \/>\n<table class=\"table no-border no-margin\" border=\"0\" cellspacing=\"0\" cellpadding=\"0\">\n<tbody>\n<tr>\n<td width=\"110\"><strong>Tellimine:<\/strong><\/td>\n<td>Proovimaterjal saata koos <span style=\"color: #97c46d;\"><strong>saatekirjaga<\/strong><\/span> Asper Biogene laborisse<\/td>\n<\/tr>\n<\/tbody>\n<\/table>\n<hr style=\"color: #97c46d; background-color: #97c46d; height: 2px; border: none; width: 100%;\" \/>\n<\/div>\n<p><strong>N\u00e4idustused geenitesti tegemiseks:<\/strong><\/p>\n<ol>\n<li>Testimaks patsiente, kellel kliinilised s\u00fcmptomid viitavad perekondlikule adenomatoossele pol\u00fcpoosile (FAP), kuid <em>APC<\/em> geeni mutatsioone pole tuvastatud<\/li>\n<li>Testimaks isikuid, kelle l\u00e4hisugulastel on avastatud v\u00e4hk<\/li>\n<li>Geneetiline n\u00f5ustamine<\/li>\n<\/ol>\n<p><strong>MUTYH-seoseline pol\u00fcpoos<\/strong> (MUTYH-associated polyposis, MAP) sarnaneb fenot\u00fc\u00fcbilt adenomatoosse pol\u00fcpoosi AFAP vormiga, mida iseloomustab v\u00e4iksem pol\u00fc\u00fcpide arv (&lt;100) j\u00e4mesooles. MAP s\u00fcndroom on retsessiivse p\u00e4randumisviisiga ja haiguse p\u00f5hjuseks on mutatsioonide esinemine <em>MUTYH<\/em> geenis. <em>MUTYH<\/em> mutatsioone on leitud 26\u201329% 10\u2013100 j\u00e4mesoolepol\u00fc\u00fcbiga patsientidest.<\/p>\n<p><em>MUTYH<\/em> geeni mutatsioonianal\u00fc\u00fcs on n\u00e4idustatud FAP kahtlusega patsientidele, kellel ei ole <em>APC<\/em> geenis mutatsioone tuvastatud, kuid kahtlus p\u00e4rilikule v\u00e4hile s\u00e4ilib. MAP kahtluse korral teostatakse geeniuuring kahes etapis. K\u00f5igepealt uuritakse kahe <em>MUTYH<\/em> geeni p\u00f5himutatsiooni (p.Y179C ja p.G396D) esinemist RFLP-meetodil. Euroopa populatsioonides esinevad MAP diagnoosi puhul need mutatsioonid 80% juhtudest. Kui nimetatud mutatsioone ei tuvastata, soovitatakse j\u00e4rgnevalt l\u00e4bi viia <em>MUTYH<\/em> geeni sekveneerimine.<\/p>","protected":false},"excerpt":{"rendered":"<p>MUTYH-seoselise pol\u00fcpoosiga seotud\u00a0MUTYH geeni sekveneerimine Geenid: MUTYH Metoodika: Kodeeriva piirkonna sekveneerimine (Sanger) Testi valmimisaeg: 2-4 n\u00e4dalat N\u00f5uded proovi-materjalile: 2-4 ml t\u00e4isverd antikoagulandiga EDTA (lilla korgiga katsuti) 1 \u00b5g DNA-d elueerituna TE, AE puhvris v\u00f5i steriilses vees, kontsentratsiooniga 100-250 ng\/\u00b5l DNA saata toatemperatuuril v\u00f5i k\u00fclmutatuna. A260\/A280 suhe peaks olema 1.8-2.0. DNA peab agaroosgeelis pikkusmarkeri juuresolekul olema [&hellip;]<\/p>\n","protected":false},"author":2,"featured_media":0,"parent":16918,"menu_order":0,"comment_status":"closed","ping_status":"closed","template":"","meta":{"_monsterinsights_skip_tracking":false,"_monsterinsights_sitenote_active":false,"_monsterinsights_sitenote_note":"","_monsterinsights_sitenote_category":0,"footnotes":""},"class_list":["post-12116","page","type-page","status-publish","hentry"],"aioseo_notices":[],"_links":{"self":[{"href":"https:\/\/www.asperbio.com\/et\/wp-json\/wp\/v2\/pages\/12116","targetHints":{"allow":["GET"]}}],"collection":[{"href":"https:\/\/www.asperbio.com\/et\/wp-json\/wp\/v2\/pages"}],"about":[{"href":"https:\/\/www.asperbio.com\/et\/wp-json\/wp\/v2\/types\/page"}],"author":[{"embeddable":true,"href":"https:\/\/www.asperbio.com\/et\/wp-json\/wp\/v2\/users\/2"}],"replies":[{"embeddable":true,"href":"https:\/\/www.asperbio.com\/et\/wp-json\/wp\/v2\/comments?post=12116"}],"version-history":[{"count":3,"href":"https:\/\/www.asperbio.com\/et\/wp-json\/wp\/v2\/pages\/12116\/revisions"}],"predecessor-version":[{"id":27551,"href":"https:\/\/www.asperbio.com\/et\/wp-json\/wp\/v2\/pages\/12116\/revisions\/27551"}],"up":[{"embeddable":true,"href":"https:\/\/www.asperbio.com\/et\/wp-json\/wp\/v2\/pages\/16918"}],"wp:attachment":[{"href":"https:\/\/www.asperbio.com\/et\/wp-json\/wp\/v2\/media?parent=12116"}],"curies":[{"name":"wp","href":"https:\/\/api.w.org\/{rel}","templated":true}]}}