{"id":11436,"date":"2015-10-06T09:38:40","date_gmt":"2015-10-06T08:38:40","guid":{"rendered":"http:\/\/www.asperbio.com\/?page_id=11436"},"modified":"2026-01-23T12:29:46","modified_gmt":"2026-01-23T10:29:46","slug":"asper-reprogenetics-testid-2","status":"publish","type":"page","link":"https:\/\/www.asperbio.com\/et\/asper-reprogenetics-testid-2\/","title":{"rendered":"Asper Reprogenetics testid"},"content":{"rendered":"<h1 style=\"padding-left: 5px;\"><span style=\"color: #e63458;\">Asper Reprogenetics\u00a0<\/span><\/h1>\n<div class=\"sm_post_content\" style=\"background: url('https:\/\/www.asperbio.com\/wp-content\/uploads\/t-roosa.png') repeat-y; padding-left: 40px;\">\n<h4><strong><a title=\"A\u0161kenazi juutide populatsioonis levinud p\u00e4rilikud haigused\" href=\"https:\/\/www.asperbio.com\/et\/asper-reprogenetics-testid-2\/askenazi-juutidel-levinud-parilikud-haigused\/\">A\u0161kenazi juutide populatsioonis levinud p\u00e4rilikud haigused<\/a><\/strong><strong><br \/>\n<strong><a title=\"Fragiilse X-i s\u00fcndroom\" href=\"https:\/\/www.asperbio.com\/et\/asper-reprogenetics-testid-2\/fragiilse-x-i-sundroom\/\">Fragiilse X-i s\u00fcndroom<\/a><br \/>\n<strong><a title=\"Haiguse kandluse m\u00e4\u00e4ramine\" href=\"https:\/\/www.asperbio.com\/et\/asper-reprogenetics-testid-haiguse-kandluse-maaramine\/\">Haiguse kandluse m\u00e4\u00e4ramine<\/a><br \/>\n<strong><a title=\"Loote rakkude kontaminatsioon ema materjaliga\" href=\"https:\/\/www.asperbio.com\/et\/asper-reprogenetics-testid-2\/loote-rakkude-kontaminatsioon-ema-materjaliga\/\">Loote rakkude kontaminatsioon ema materjaliga<\/a><br \/>\n<strong><a title=\"Mitteinvasiivne s\u00fcnnieelne testimine\" href=\"https:\/\/niptify.ee\/\" target=\"_blank\" rel=\"noopener noreferrer\">Mitteinvasiivne s\u00fcnnieelne testimine (NIPT)<\/a><\/strong><br \/>\n<strong><a title=\"Mehepoolne viljatus\" href=\"https:\/\/www.asperbio.com\/et\/asper-reprogenetics-testid-2\/mehepoolne-viljatus\/\">Mehepoolne viljatus<\/a> UUENDATUD<\/strong><br \/>\n<strong><a title=\"Naisepoolne viljatus\" href=\"https:\/\/www.asperbio.com\/et\/asper-reprogenetics-testid-2\/naisepoolse-viljatusega-seotud-geenide-sekveneerimine\/\">Naisepoolne viljatus<\/a> UUENDATUD<\/strong><br \/>\n<strong><a title=\"Primaarne tsiliaarne d\u00fcskineesia\" href=\"https:\/\/www.asperbio.com\/et\/asper-reprogenetics-testid-2\/primaarse-tsiliaarse-duskineesiaga-seotud-geenide-sekveneerimine\/\">Primaarne tsiliaarne d\u00fcskineesia<\/a><\/strong><br \/>\n<strong><a title=\"Ts\u00fcstiline fibroos\" href=\"https:\/\/www.asperbio.com\/et\/asper-reprogenetics-testid-2\/tsustiline-fibroos\/\">Ts\u00fcstiline fibroos<\/a><\/strong><br \/>\n<strong><a title=\"Eksoomi sekveneerimine\" href=\"https:\/\/www.asperbio.com\/et\/asper-reprogenetics-testid-2\/eksoomi-sekveneerimine\/\">Eksoomi sekveneerimine<\/a><\/strong><\/strong><\/strong><\/strong><\/strong><\/h4>\n<\/div>\n<p>Asper Reprogenetics portfell sisaldab erinevaid geeniteste, mida kasutatakse p\u00e4rilike haiguste kandluse m\u00e4\u00e4ramiseks, prenataalses diagnostikas ja viljatuse molekulaarses diagnostikas..<\/p>\n<p>Geenitestide \u00a0tegemiseks\u00a0kasutame erinevaid molekulaargeneetilisi meetodeid nagu DNA sekveneerimine, sealhulgas\u00a0Sanger sekveneerimine ja\u00a0teise p\u00f5lvkonna sekveneerimine Illumina tehnoloogiaga (<em>Next Generation Sequencing<\/em>, NGS),\u00a0DNA l\u00f5ikude\u00a0deletsioonide\/duplikatsioonide anal\u00fc\u00fcsi (MLPA meetod), DNA fragmentanal\u00fc\u00fcs ja DNA restriktsioonanal\u00fc\u00fcs (RFLP).<\/p>\n<p>NGS-tehnoloogia v\u00f5imaldab operatiivseid\u00a0ja personaalseid geenitestide erilahendusi vastavalt patsiendi spetsiifilistele vajadustele.<\/p>","protected":false},"excerpt":{"rendered":"<p>Asper Reprogenetics\u00a0 A\u0161kenazi juutide populatsioonis levinud p\u00e4rilikud haigused Fragiilse X-i s\u00fcndroom Haiguse kandluse m\u00e4\u00e4ramine Loote rakkude kontaminatsioon ema materjaliga Mitteinvasiivne s\u00fcnnieelne testimine (NIPT) Mehepoolne viljatus UUENDATUD Naisepoolne viljatus UUENDATUD Primaarne tsiliaarne d\u00fcskineesia Ts\u00fcstiline fibroos Eksoomi sekveneerimine Asper Reprogenetics portfell sisaldab erinevaid geeniteste, mida kasutatakse p\u00e4rilike haiguste kandluse m\u00e4\u00e4ramiseks, prenataalses diagnostikas ja viljatuse molekulaarses diagnostikas.. Geenitestide [&hellip;]<\/p>\n","protected":false},"author":2,"featured_media":0,"parent":0,"menu_order":15,"comment_status":"closed","ping_status":"closed","template":"","meta":{"_monsterinsights_skip_tracking":false,"_monsterinsights_sitenote_active":false,"_monsterinsights_sitenote_note":"","_monsterinsights_sitenote_category":0,"footnotes":""},"class_list":["post-11436","page","type-page","status-publish","hentry"],"aioseo_notices":[],"_links":{"self":[{"href":"https:\/\/www.asperbio.com\/et\/wp-json\/wp\/v2\/pages\/11436","targetHints":{"allow":["GET"]}}],"collection":[{"href":"https:\/\/www.asperbio.com\/et\/wp-json\/wp\/v2\/pages"}],"about":[{"href":"https:\/\/www.asperbio.com\/et\/wp-json\/wp\/v2\/types\/page"}],"author":[{"embeddable":true,"href":"https:\/\/www.asperbio.com\/et\/wp-json\/wp\/v2\/users\/2"}],"replies":[{"embeddable":true,"href":"https:\/\/www.asperbio.com\/et\/wp-json\/wp\/v2\/comments?post=11436"}],"version-history":[{"count":3,"href":"https:\/\/www.asperbio.com\/et\/wp-json\/wp\/v2\/pages\/11436\/revisions"}],"predecessor-version":[{"id":29511,"href":"https:\/\/www.asperbio.com\/et\/wp-json\/wp\/v2\/pages\/11436\/revisions\/29511"}],"wp:attachment":[{"href":"https:\/\/www.asperbio.com\/et\/wp-json\/wp\/v2\/media?parent=11436"}],"curies":[{"name":"wp","href":"https:\/\/api.w.org\/{rel}","templated":true}]}}