{"id":11406,"date":"2015-10-01T13:39:17","date_gmt":"2015-10-01T12:39:17","guid":{"rendered":"http:\/\/www.asperbio.com\/?page_id=11406"},"modified":"2025-01-13T17:09:15","modified_gmt":"2025-01-13T15:09:15","slug":"asper-ophthalmics-testid","status":"publish","type":"page","link":"https:\/\/www.asperbio.com\/et\/asper-ophthalmics-testid\/","title":{"rendered":"Asper Ophthalmics testid"},"content":{"rendered":"<h1><span style=\"color: #f6a500;\">Asper Ophthalmics\u00a0<\/span><\/h1>\n<div class=\"sm_post_content\" style=\"background: url('https:\/\/www.asperbio.com\/wp-content\/uploads\/t-oranz.png') repeat-y; padding-left: 40px;\">\n<h4><strong><a title=\"Akromatopsia\" href=\"https:\/\/www.asperbio.com\/et\/asper-ophthalmics-testid\/akromatopsia\/\">Akromatopsia<\/a><\/strong><br \/>\n<strong><a title=\"Aniriidia\" href=\"https:\/\/www.asperbio.com\/et\/asper-ophthalmics-testid\/aniriidiaga-seotud-pax6-geeni-sekveneerimine\/\">Aniriidia<\/a><\/strong><br \/>\n<strong> <a title=\"Ealine maakuli degeneratsioon\" href=\"https:\/\/www.asperbio.com\/et\/asper-ophthalmics-testid\/ealine-maakuli-degeneratsioon-2\/\">Ealine maakuli degeneratsioon<\/a><\/strong><br \/>\n<strong> <a title=\"Bardet-Biedli, McKusick-Kaufmani, Borjeson-Forssman-Lehmanni ja Alstromi s\u00fcndroom ning Albrighti p\u00e4rilik osteod\u00fcstroofia\" href=\"https:\/\/www.asperbio.com\/et\/asper-ophthalmics\/bardet-biedli-mckusick-kaufmani-borjeson-forssman-lehmanni-ja-alstromi-sundroom-ning-albrighti-parilik-osteodustroofia\">Bardet-Biedli, McKusick-Kaufmani, Borjeson-Forssman-Lehmanni ja Alstromi s\u00fcndroom ning Albrighti p\u00e4rilik osteod\u00fcstroofia<\/a><\/strong><br \/>\n<strong> <a title=\"Glaukoom\" href=\"https:\/\/www.asperbio.com\/et\/asper-ophthalmics-testid\/glaukoom\/\">Glaukoom<\/a><\/strong><br \/>\n<strong> <a title=\"Kanapimedus\" href=\"https:\/\/www.asperbio.com\/et\/asper-ophthalmics\/kanapimedus\">Kanapimedus<\/a><\/strong><br \/>\n<strong> <a title=\"Katarakt\" href=\"https:\/\/www.asperbio.com\/et\/asper-ophthalmics-testid\/katarakt\/\">Katarakt<\/a> <\/strong><br \/>\n<strong> <a title=\"Kolvikeste-kepikeste d\u00fcstroofia\" href=\"https:\/\/www.asperbio.com\/et\/asper-ophthalmics\/kolvikeste-kepikeste-dustroofia\">Kolvikeste-kepikeste d\u00fcstroofia<\/a><\/strong><br \/>\n<strong> <a title=\"Kongenitaalne okulaarne fibroos\" href=\"https:\/\/www.asperbio.com\/et\/asper-ophthalmics-testid\/kongenitaalse-okulaarse-fibroosiga-seotud-geenide-sekveneerimine\/\">Kongenitaalne okulaarne fibroos<\/a> <\/strong><br \/>\n<strong> <a title=\"Kornea d\u00fcstroofia\" href=\"https:\/\/www.asperbio.com\/et\/asper-ophthalmics-testid\/kornea-dustroofia\">Kornea d\u00fcstroofia<\/a><\/strong><br \/>\n<strong> <a title=\"Koroidereemia\" href=\"https:\/\/www.asperbio.com\/et\/asper-ophthalmics-testid\/koroidereemia\">Koroidereemia<\/a><\/strong><br \/>\n<strong> <a title=\"Leberi kaasas\u00fcndinud amauroos\" href=\"https:\/\/www.asperbio.com\/et\/asper-ophthalmics-testid\/leberi-kaasasundinud-amauroos\">Leberi kaasas\u00fcndinud amauroos<\/a><\/strong><br \/>\n<strong> <a title=\"Leberi p\u00e4rilik n\u00e4gemisn\u00e4rvi neuropaatia\" href=\"https:\/\/www.asperbio.com\/et\/asper-ophthalmics-testid\/leberi-parilik-n\u00e4gemisn\u00e4rvi-neuropaatia\/\">Leberi p\u00e4rilik n\u00e4gemisn\u00e4rvi neuropaatia<\/a><\/strong><br \/>\n<strong> <a title=\"L\u00e4\u00e4tse v\u00e4\u00e4rasetsus\" href=\"https:\/\/www.asperbio.com\/et\/asper-ophthalmics-testid\/laatse-vaarasetsus\/\">L\u00e4\u00e4tse v\u00e4\u00e4rasetsus<\/a><\/strong><br \/>\n<strong> <a title=\"Norrie haigus\" href=\"https:\/\/www.asperbio.com\/et\/asper-ophthalmics-testid\/norrie-haigus\/\">Norrie haigus<\/a><\/strong><br \/>\n<strong> <a title=\"Okulokutaanne albinism, okulaarne albinism, Hermansky-Pudlaki s\u00fcndroom, Chediak-Higashi s\u00fcndroom\" href=\"https:\/\/www.asperbio.com\/et\/asper-ophthalmics\/okulokutaanne-albinism-okulaarne-albinism-hermansky-pudlaki-sundroom-chediak-higashi-sundroom\">Okulokutaanne albinism, okulaarne albinism, Hermansky-Pudlaki s\u00fcndroom, Chediak-Higashi s\u00fcndroom<\/a> <\/strong><br \/>\n<strong> <a title=\"N\u00e4gemisn\u00e4rvi atroofia\" href=\"https:\/\/www.asperbio.com\/et\/asper-ophthalmics-testid\/n\u00e4gemisn\u00e4rvi-atroofia\/\">N\u00e4gemisn\u00e4rvi atroofia<\/a><\/strong><br \/>\n<strong> <a title=\"Papillorenaalne s\u00fcndroom\" href=\"https:\/\/www.asperbio.com\/et\/asper-ophthalmics-testid\/papillorenaalne-sundroom\/\">Papillorenaalne s\u00fcndroom<\/a><\/strong><br \/>\n<strong> <a title=\"Pigmentretiniidid\" href=\"https:\/\/www.asperbio.com\/et\/asper-ophthalmics-testid\/pigmentretiniit\/\">Pigmentretiniidid<\/a><\/strong><br \/>\n<strong> <a title=\"Retinoblastoom\" href=\"https:\/\/www.asperbio.com\/et\/asper-ophthalmics-testid\/retinoblastoom\/\">Retinoblastoom<\/a><\/strong><br \/>\n<strong> <a title=\"Senior-Loken s\u00fcndroom\" href=\"https:\/\/www.asperbio.com\/et\/asper-ophthalmics-testid\/senior-loken-sundroom\/\">Senior-Loken s\u00fcndroom<\/a><\/strong><br \/>\n<strong> <a title=\"Silmahaigused 294 geeni sekveneerimisega\" href=\"https:\/\/www.asperbio.com\/et\/asper-ophthalmics-testid\/silmahaigused-294-geeni-sekveneerimisega\/\">Silmahaigused 294 geeni sekveneerimisega<\/a> <\/strong><br \/>\n<strong> <a title=\"Silma v\u00e4\u00e4rarendid\" href=\"https:\/\/www.asperbio.com\/et\/asper-ophthalmics-testid\/silma-vaararendid\/\">Silma v\u00e4\u00e4rarendid<\/a><\/strong><br \/>\n<strong> <a title=\"Stargardti t\u00f5bi\" href=\"https:\/\/www.asperbio.com\/et\/asper-ophthalmics\/stargardti-tobi\">Stargardti t\u00f5bi<\/a><\/strong><br \/>\n<strong> <a title=\"Usheri s\u00fcndroom\" href=\"https:\/\/www.asperbio.com\/et\/asper-ophthalmics-testid\/usheri-sundroom\">Usheri s\u00fcndroom<\/a><\/strong><br \/>\n<strong> <a title=\"Vitelliformne maakuli d\u00fcstroofia\" href=\"https:\/\/www.asperbio.com\/et\/asper-ophthalmics\/vitelliformne-maakuli-dustroofia\">Vitelliformne maakuli d\u00fcstroofia<\/a><\/strong><br \/>\n<strong> <a title=\"Vitreoretinopaatia\" href=\"https:\/\/www.asperbio.com\/et\/asper-ophthalmics-testid\/vitreoretinopaatia\/\">Vitreoretinopaatia<\/a><\/strong><br \/>\n<strong> <a title=\"X-liiteline reetina kihtide eraldumine\" href=\"https:\/\/www.asperbio.com\/et\/asper-ophthalmics-testid\/x-liiteline-reetina-kihtide-eraldumine\">X-liiteline reetina kihtide eraldumine<\/a><\/strong><br \/>\n<strong> <a title=\"Eksoomi sekveneerimine\" href=\"https:\/\/www.asperbio.com\/et\/asper-ophthalmics-testid\/eksoomi-sekveneerimine\">Eksoomi sekveneerimine<\/a><\/strong><\/h4>\n<\/div>\n<p>Asper Ophthalmics portfell sisaldab erinevaid geeniteste, mida kasutatakse p\u00e4rilike silmahaiguste, sealhulgas\u00a0reetina haiguste, kornea d\u00fcstroofiate ja ealise maakuli degeneratsiooni jpt\u00a0diagnostikas.<\/p>\n<p style=\"text-align: justify;\">Meie geenitestid aitavad kinnitada diagnoosi ja annavad informatsiooni p\u00e4rilike silmahaiguste tekkeriskide kohta.<\/p>\n<p style=\"text-align: justify;\">Geenitestide \u00a0tegemiseks\u00a0kasutame erinevaid molekulaargeneetilisi meetodeid nagu DNA sekveneerimine, sealhulgas\u00a0Sanger sekveneerimine ja\u00a0teise p\u00f5lvkonna sekveneerimine Illumina tehnoloogiaga (<em>Next Generation Sequencing<\/em>, NGS) ja DNA restriktsioonanal\u00fc\u00fcs (RFLP).<\/p>\n<p style=\"text-align: justify;\">NGS-tehnoloogia v\u00f5imaldab operatiivseid\u00a0ja personaalseid geenitestide erilahendusi vastavalt patsiendi spetsiifilistele vajadustele.<\/p>","protected":false},"excerpt":{"rendered":"<p>Asper Ophthalmics\u00a0 Akromatopsia Aniriidia Ealine maakuli degeneratsioon Bardet-Biedli, McKusick-Kaufmani, Borjeson-Forssman-Lehmanni ja Alstromi s\u00fcndroom ning Albrighti p\u00e4rilik osteod\u00fcstroofia Glaukoom Kanapimedus Katarakt Kolvikeste-kepikeste d\u00fcstroofia Kongenitaalne okulaarne fibroos Kornea d\u00fcstroofia Koroidereemia Leberi kaasas\u00fcndinud amauroos Leberi p\u00e4rilik n\u00e4gemisn\u00e4rvi neuropaatia L\u00e4\u00e4tse v\u00e4\u00e4rasetsus Norrie haigus Okulokutaanne albinism, okulaarne albinism, Hermansky-Pudlaki s\u00fcndroom, Chediak-Higashi s\u00fcndroom N\u00e4gemisn\u00e4rvi atroofia Papillorenaalne s\u00fcndroom Pigmentretiniidid Retinoblastoom Senior-Loken s\u00fcndroom [&hellip;]<\/p>\n","protected":false},"author":2,"featured_media":0,"parent":0,"menu_order":13,"comment_status":"closed","ping_status":"closed","template":"","meta":{"_monsterinsights_skip_tracking":false,"_monsterinsights_sitenote_active":false,"_monsterinsights_sitenote_note":"","_monsterinsights_sitenote_category":0,"footnotes":""},"class_list":["post-11406","page","type-page","status-publish","hentry"],"aioseo_notices":[],"_links":{"self":[{"href":"https:\/\/www.asperbio.com\/et\/wp-json\/wp\/v2\/pages\/11406","targetHints":{"allow":["GET"]}}],"collection":[{"href":"https:\/\/www.asperbio.com\/et\/wp-json\/wp\/v2\/pages"}],"about":[{"href":"https:\/\/www.asperbio.com\/et\/wp-json\/wp\/v2\/types\/page"}],"author":[{"embeddable":true,"href":"https:\/\/www.asperbio.com\/et\/wp-json\/wp\/v2\/users\/2"}],"replies":[{"embeddable":true,"href":"https:\/\/www.asperbio.com\/et\/wp-json\/wp\/v2\/comments?post=11406"}],"version-history":[{"count":3,"href":"https:\/\/www.asperbio.com\/et\/wp-json\/wp\/v2\/pages\/11406\/revisions"}],"predecessor-version":[{"id":29392,"href":"https:\/\/www.asperbio.com\/et\/wp-json\/wp\/v2\/pages\/11406\/revisions\/29392"}],"wp:attachment":[{"href":"https:\/\/www.asperbio.com\/et\/wp-json\/wp\/v2\/media?parent=11406"}],"curies":[{"name":"wp","href":"https:\/\/api.w.org\/{rel}","templated":true}]}}